  {"id":60,"date":"2019-02-17T11:42:21","date_gmt":"2019-02-17T14:42:21","guid":{"rendered":"http:\/\/smdobrasil.com.br\/wp\/?page_id=60"},"modified":"2019-02-22T11:29:04","modified_gmt":"2019-02-22T14:29:04","slug":"a-sm","status":"publish","type":"page","link":"https:\/\/www.smdobrasil.com.br\/es\/a-sm\/","title":{"rendered":"La SM"},"content":{"rendered":"<h3>Declaraci\u00f3n de principios v misi\u00f3n de la SM<\/h3>\n<p>1- La SM existe para premiar la inversi\u00f3n social y material de sus fundadores y propietarios, y entiende que el mejor camino para generar riqueza es el trabajo honesto.<\/p>\n<p>2- La SM respetar\u00e1 el derecho de todos los involucrados en el proceso de obtenci\u00f3n de su resultado final, privilegiando el deseo de desarrollo inherente a todo ser humano.<\/p>\n<p>3- La SM desenvolver\u00e1 sus tareas respetando las leyes estaduales y federales, as\u00ed como la sociedad civil establecida, y autoridades constituidas.<\/p>\n<p>4- La SM desarrollar\u00e1 sus tareas sin agredir o damnificar el medio ambiente, y buscar\u00e1 maneras de preservarlo y desarrollarlo.<\/p>\n<p>5- La SM honrar\u00e1 sus compromisos con los suministradores, aliados y colaboradores, procurando medios para que los anhelos de cada uno de estos sea atendido seg\u00fan lo que fue combinado y dentro de un espirito de alianza, compa\u00f1erismo, y equilibrio.<\/p>\n<p>6- La SM reconoce y acepta la funci\u00f3n social de la iniciativa privada y por lo tanto se esforzar\u00e1 para cumplir su papel en el desarrollo de la sociedad y de la naci\u00f3n brasile\u00f1a.<\/p>\n<p>7- La SM velar\u00e1 por el buen nombre de su cliente, entendiendo ser el cliente el motor principal de su continuo crecimiento y suceso futuro.<\/p>\n<p>8- La SM asume el compromiso de mantener sigilo absoluto de toda tecnologia de ingenier\u00eda y del proceso de sus clientes.<\/p>\n<p>9 &#8211; La SM cumplir\u00e1 lo que fue combinado con sus cliente, suministrar\u00e1 aquello que fue adquirido con calidad m\u00e1xima y se esforzar\u00e1 para superar su metas.<\/p>\n<p>10 &#8211; La SM mantendr\u00e1 su dignidad en los negocios y despreciar\u00e1 toda y cualquier oferta, por m\u00e1s que sea ventajosa, pero oriunda de fuente obscura e imprecisa.<\/p>\n<p>11- La SM escoge ser una empresa transparente y correcta, asumiendo todas las consecuencias de esta opci\u00f3n.<\/p>\n<p>Quedando as\u00ed definido lo descrito arriba, contamos con la ayuda de Dios, nuestros familiares, colaboradores y aliados para que tengamos suceso en este emprendimiento.<\/p>\n<h3>Ramo de Neg\u00f3cio<\/h3>\n<p>Montaje electromec\u00e1nico, hidr\u00e1ulico, instrumentaci\u00f3n y comisionamiento de equipamientos para la Siderurgia, Miner\u00eda, Petr\u00f3leo y Gas.<\/p>\n<h3 class=\"smtxt1\">Misi\u00f3n<\/h3>\n<p class=\"smtxt1\">Ofrecer servicios con elevados patrones de calidad a todos sus clientes, en los 5 continentes. Remunerar y producir rentabilidad satisfactoria a todo su equipo.<\/p>\n<h3 class=\"smtxt1\">Visi\u00f3n<\/h3>\n<p class=\"smtxt1\">Ser reconocida como una empresa innovadora, eficiente y que se esfuerza para superar metas, dentro de su ramo de negocio. Participar del desarrollo del Pa\u00eds, y de la sociedad con comprometimiento social y ambiental.<\/p>\n<h3 class=\"smtxt1\">Valores<\/h3>\n<ol type=\"disc\">\n<li class=\"smtxt1\">Transparencia<\/li>\n<li class=\"smtxt1\">\u00c9tica<\/li>\n<li class=\"smtxt1\">Calidad<\/li>\n<li class=\"smtxt1\">Competencia<\/li>\n<li class=\"smtxt1\">Respeto por el ser humano<\/li>\n<li class=\"smtxt1\">Respeto al Medio Ambiente<\/li>\n<\/ol>\n<p><center><\/p>\n<p><a class=\"btn btn-primary\" href=\"https:\/\/www.smdobrasil.com.br\/wp-content\/uploads\/2019\/02\/dossie-es.pdf\" target=\"new\" role=\"button\" rel=\"noopener noreferrer\">Descarga nuestro expediente aqu\u00ed<\/a><\/p>\n<p><\/center><\/p>\n","protected":false},"excerpt":{"rendered":"<p>Declaraci\u00f3n de principios v misi\u00f3n de la SM 1- La SM existe para premiar la inversi\u00f3n social y material de sus fundadores y propietarios, y entiende que el mejor camino para generar riqueza es el trabajo honesto. 2- La SM respetar\u00e1 el derecho de todos los involucrados en el proceso de obtenci\u00f3n de su resultado [&hellip;]<\/p>\n","protected":false},"author":1,"featured_media":0,"parent":0,"menu_order":0,"comment_status":"closed","ping_status":"closed","template":"page -sm.php","meta":{"footnotes":""},"yoast_head":"<!-- This site is optimized with the Yoast SEO plugin v21.9.1 - https:\/\/yoast.com\/wordpress\/plugins\/seo\/ -->\n<title>La SM - SM do Brasil<\/title>\n<meta name=\"robots\" content=\"index, follow, max-snippet:-1, max-image-preview:large, max-video-preview:-1\" \/>\n<link rel=\"canonical\" href=\"https:\/\/www.smdobrasil.com.br\/a-sm\/\" \/>\n<meta property=\"og:locale\" content=\"es_ES\" \/>\n<meta property=\"og:type\" content=\"article\" \/>\n<meta property=\"og:title\" content=\"La SM\" \/>\n<meta property=\"og:description\" content=\"Declaraci\u00f3n de principios v misi\u00f3n de la SM 1- La SM existe para premiar la inversi\u00f3n social y material de sus fundadores y propietarios, y entiende que el mejor camino para generar riqueza es el trabajo honesto. 2- La SM respetar\u00e1 el derecho de todos los involucrados en el proceso de obtenci\u00f3n de su resultado [&hellip;]\" \/>\n<meta property=\"og:url\" content=\"https:\/\/www.smdobrasil.com.br\/a-sm\/\" \/>\n<meta property=\"og:site_name\" content=\"SM do Brasil\" \/>\n<meta property=\"article:modified_time\" content=\"2019-02-22T14:29:04+00:00\" \/>\n<meta name=\"twitter:card\" content=\"summary_large_image\" \/>\n<meta name=\"twitter:label1\" content=\"Est. reading time\" \/>\n\t<meta name=\"twitter:data1\" content=\"7 minutes\" \/>\n<script type=\"application\/ld+json\" class=\"yoast-schema-graph\">{\"@context\":\"https:\/\/schema.org\",\"@graph\":[{\"@type\":\"WebPage\",\"@id\":\"https:\/\/www.smdobrasil.com.br\/a-sm\/\",\"url\":\"https:\/\/www.smdobrasil.com.br\/a-sm\/\",\"name\":\"[:es]La SM[:en]A SM[:pt]A SM[:] - SM do Brasil\",\"isPartOf\":{\"@id\":\"https:\/\/www.smdobrasil.com.br\/#website\"},\"datePublished\":\"2019-02-17T14:42:21+00:00\",\"dateModified\":\"2019-02-22T14:29:04+00:00\",\"breadcrumb\":{\"@id\":\"https:\/\/www.smdobrasil.com.br\/a-sm\/#breadcrumb\"},\"inLanguage\":\"es\",\"potentialAction\":[{\"@type\":\"ReadAction\",\"target\":[\"https:\/\/www.smdobrasil.com.br\/a-sm\/\"]}]},{\"@type\":\"BreadcrumbList\",\"@id\":\"https:\/\/www.smdobrasil.com.br\/a-sm\/#breadcrumb\",\"itemListElement\":[{\"@type\":\"ListItem\",\"position\":1,\"name\":\"In\u00edcio\",\"item\":\"https:\/\/www.smdobrasil.com.br\/\"},{\"@type\":\"ListItem\",\"position\":2,\"name\":\"A SM\"}]},{\"@type\":\"WebSite\",\"@id\":\"https:\/\/www.smdobrasil.com.br\/#website\",\"url\":\"https:\/\/www.smdobrasil.com.br\/\",\"name\":\"SM do Brasil\",\"description\":\"Solu\u00e7\u00f5es em Tecnologia Industrial\",\"potentialAction\":[{\"@type\":\"SearchAction\",\"target\":{\"@type\":\"EntryPoint\",\"urlTemplate\":\"https:\/\/www.smdobrasil.com.br\/?s={search_term_string}\"},\"query-input\":\"required name=search_term_string\"}],\"inLanguage\":\"es\"}]}<\/script>\n<!-- \/ Yoast SEO plugin. -->","yoast_head_json":{"title":"La SM - SM do Brasil","robots":{"index":"index","follow":"follow","max-snippet":"max-snippet:-1","max-image-preview":"max-image-preview:large","max-video-preview":"max-video-preview:-1"},"canonical":"https:\/\/www.smdobrasil.com.br\/a-sm\/","og_locale":"es_ES","og_type":"article","og_title":"[:es]La SM[:en]A SM[:pt]A SM[:] - SM do Brasil","og_description":"Declaraci\u00f3n de principios v misi\u00f3n de la SM 1- La SM existe para premiar la inversi\u00f3n social y material de sus fundadores y propietarios, y entiende que el mejor camino para generar riqueza es el trabajo honesto. 2- La SM respetar\u00e1 el derecho de todos los involucrados en el proceso de obtenci\u00f3n de su resultado [&hellip;]","og_url":"https:\/\/www.smdobrasil.com.br\/a-sm\/","og_site_name":"SM do Brasil","article_modified_time":"2019-02-22T14:29:04+00:00","twitter_card":"summary_large_image","twitter_misc":{"Est. reading time":"7 minutes"},"schema":{"@context":"https:\/\/schema.org","@graph":[{"@type":"WebPage","@id":"https:\/\/www.smdobrasil.com.br\/a-sm\/","url":"https:\/\/www.smdobrasil.com.br\/a-sm\/","name":"[:es]La SM[:en]A SM[:pt]A SM[:] - SM do Brasil","isPartOf":{"@id":"https:\/\/www.smdobrasil.com.br\/#website"},"datePublished":"2019-02-17T14:42:21+00:00","dateModified":"2019-02-22T14:29:04+00:00","breadcrumb":{"@id":"https:\/\/www.smdobrasil.com.br\/a-sm\/#breadcrumb"},"inLanguage":"es","potentialAction":[{"@type":"ReadAction","target":["https:\/\/www.smdobrasil.com.br\/a-sm\/"]}]},{"@type":"BreadcrumbList","@id":"https:\/\/www.smdobrasil.com.br\/a-sm\/#breadcrumb","itemListElement":[{"@type":"ListItem","position":1,"name":"In\u00edcio","item":"https:\/\/www.smdobrasil.com.br\/"},{"@type":"ListItem","position":2,"name":"A SM"}]},{"@type":"WebSite","@id":"https:\/\/www.smdobrasil.com.br\/#website","url":"https:\/\/www.smdobrasil.com.br\/","name":"SM do Brasil","description":"Solu\u00e7\u00f5es em Tecnologia Industrial","potentialAction":[{"@type":"SearchAction","target":{"@type":"EntryPoint","urlTemplate":"https:\/\/www.smdobrasil.com.br\/?s={search_term_string}"},"query-input":"required name=search_term_string"}],"inLanguage":"es"}]}},"_links":{"self":[{"href":"https:\/\/www.smdobrasil.com.br\/es\/wp-json\/wp\/v2\/pages\/60"}],"collection":[{"href":"https:\/\/www.smdobrasil.com.br\/es\/wp-json\/wp\/v2\/pages"}],"about":[{"href":"https:\/\/www.smdobrasil.com.br\/es\/wp-json\/wp\/v2\/types\/page"}],"author":[{"embeddable":true,"href":"https:\/\/www.smdobrasil.com.br\/es\/wp-json\/wp\/v2\/users\/1"}],"replies":[{"embeddable":true,"href":"https:\/\/www.smdobrasil.com.br\/es\/wp-json\/wp\/v2\/comments?post=60"}],"version-history":[{"count":17,"href":"https:\/\/www.smdobrasil.com.br\/es\/wp-json\/wp\/v2\/pages\/60\/revisions"}],"predecessor-version":[{"id":378,"href":"https:\/\/www.smdobrasil.com.br\/es\/wp-json\/wp\/v2\/pages\/60\/revisions\/378"}],"wp:attachment":[{"href":"https:\/\/www.smdobrasil.com.br\/es\/wp-json\/wp\/v2\/media?parent=60"}],"curies":[{"name":"wp","href":"https:\/\/api.w.org\/{rel}","templated":true}]}}