  {"id":222,"date":"2019-02-20T16:05:22","date_gmt":"2019-02-20T19:05:22","guid":{"rendered":"http:\/\/smdobrasil.com.br\/wp\/?page_id=222"},"modified":"2019-03-12T12:30:35","modified_gmt":"2019-03-12T15:30:35","slug":"inicio","status":"publish","type":"page","link":"https:\/\/www.smdobrasil.com.br\/es\/","title":{"rendered":"Inicio"},"content":{"rendered":"<section style=\"background: url('https:\/\/www.smdobrasil.com.br\/wp-content\/uploads\/2019\/02\/bg_mina.jpg') no-repeat;\" class=\"hero d-flex align-items-center\">\n<div class=\"container\">\n<h1>Soluciones en la Tecnolog\u00eda Industrial<\/h1>\n<p class=\"text-hero\">Estamos prontos para superar sus metas<\/p>\n<\/p><\/div>\n<\/section>\n<section class=\"services\">\n<div class=\"container text-center\">\n<header>\n<h2>\u00bfPor qu\u00e9 la <span class=\"text-primary\">SM do Brasil<\/span>?<\/h2>\n<p class=\"lead col-md-10 mx-auto\">Es con gran satisfacci\u00f3n que presentamos las capacidades de nuestra empresa. La SM es una empresa especializada en montaje electromec\u00e1nico y comisionamiento de equipamientos industriales para las \u00e1reas sider\u00fargica , miner\u00eda, automovil\u00edstica, aceite y gas.<\/p>\n<\/header>\n<div class=\"row\">\n<div class=\"item col-lg-4\">\n<div class=\"icon\"><i class=\"icon-administrator\"><\/i><\/div>\n<div class=\"text\">\n<h3 class=\"h4\">Equipo<\/h3>\n<p class=\"text-muted\">La SM dispone de un equipo t\u00e9cnico de calidad<\/p>\n<\/p><\/div>\n<\/p><\/div>\n<div class=\"item col-lg-4\">\n<div class=\"icon\"><i class=\"icon-list\"><\/i><\/div>\n<div class=\"text\">\n<h3 class=\"h4\">Calidad<\/h3>\n<p class=\"text-muted\">Pronto para ejecutar servicios dentro de las m\u00e1s severas especificaciones.<\/p>\n<\/p><\/div>\n<\/p><\/div>\n<div class=\"item col-lg-4\">\n<div class=\"icon\"><i class=\"icon-calendar\"><\/i><\/div>\n<div class=\"text\">\n<h3 class=\"h4\">Eficiencia<\/h3>\n<p class=\"text-muted\">Atendiendo a sus clientes con soluciones eficientes.<\/p>\n<\/p><\/div>\n<\/p><\/div>\n<\/p><\/div>\n<\/p><\/div>\n<\/section>\n<section class=\"partners bg-gray\">\n<div class=\"container text-center\">\n<header>\n<h2>Algunos clientes<\/h2>\n<\/header>\n<div class=\"row d-flex align-items-center owl-carousel owl-theme\">\n<div class=\"item\"><img decoding=\"async\" src=\"https:\/\/www.smdobrasil.com.br\/wp-content\/uploads\/2019\/02\/logo_01.png\" alt=\"...\" class=\"img-fluid\"><\/div>\n<div class=\"item\"><img decoding=\"async\" src=\"https:\/\/www.smdobrasil.com.br\/wp-content\/uploads\/2019\/02\/logo_02.png\" alt=\"...\" class=\"img-fluid\"><\/div>\n<div class=\"item\"><img decoding=\"async\" src=\"https:\/\/www.smdobrasil.com.br\/wp-content\/uploads\/2019\/02\/logo_03.png\" alt=\"...\" class=\"img-fluid\"><\/div>\n<div class=\"item\"><img decoding=\"async\" src=\"https:\/\/www.smdobrasil.com.br\/wp-content\/uploads\/2019\/02\/logo_04.png\" alt=\"...\" class=\"img-fluid\"><\/div>\n<div class=\"item\"><img decoding=\"async\" src=\"https:\/\/www.smdobrasil.com.br\/wp-content\/uploads\/2019\/02\/logo_05.png\" alt=\"...\" class=\"img-fluid\"><\/div>\n<div class=\"item\"><img decoding=\"async\" src=\"https:\/\/www.smdobrasil.com.br\/wp-content\/uploads\/2019\/02\/logo_06.png\" alt=\"...\" class=\"img-fluid\"><\/div>\n<div class=\"item\"><img decoding=\"async\" src=\"https:\/\/www.smdobrasil.com.br\/wp-content\/uploads\/2019\/02\/logo_07.png\" alt=\"...\" class=\"img-fluid\"><\/div>\n<div class=\"item\"><img decoding=\"async\" src=\"https:\/\/www.smdobrasil.com.br\/wp-content\/uploads\/2019\/02\/logo_08.png\" alt=\"...\" class=\"img-fluid\"><\/div>\n<div class=\"item\"><img decoding=\"async\" src=\"https:\/\/www.smdobrasil.com.br\/wp-content\/uploads\/2019\/02\/logo_09.png\" alt=\"...\" class=\"img-fluid\"><\/div>\n<div class=\"item\"><img decoding=\"async\" src=\"https:\/\/www.smdobrasil.com.br\/wp-content\/uploads\/2019\/02\/logo_10.png\" alt=\"...\" class=\"img-fluid\"><\/div>\n<div class=\"item\"><img decoding=\"async\" src=\"https:\/\/www.smdobrasil.com.br\/wp-content\/uploads\/2019\/02\/logo_11.png\" alt=\"...\" class=\"img-fluid\"><\/div>\n<div class=\"item\"><img decoding=\"async\" src=\"https:\/\/www.smdobrasil.com.br\/wp-content\/uploads\/2019\/02\/logo_12.png\" alt=\"...\" class=\"img-fluid\"><\/div>\n<div class=\"item\"><img decoding=\"async\" src=\"https:\/\/www.smdobrasil.com.br\/wp-content\/uploads\/2019\/02\/logo_13.png\" alt=\"...\" class=\"img-fluid\"><\/div>\n<div class=\"item\"><img decoding=\"async\" src=\"https:\/\/www.smdobrasil.com.br\/wp-content\/uploads\/2019\/02\/logo_14.png\" alt=\"...\" class=\"img-fluid\"><\/div>\n<div class=\"item\"><img decoding=\"async\" src=\"https:\/\/www.smdobrasil.com.br\/wp-content\/uploads\/2019\/02\/logo_15.png\" alt=\"...\" class=\"img-fluid\"><\/div>\n<div class=\"item\"><img decoding=\"async\" src=\"https:\/\/www.smdobrasil.com.br\/wp-content\/uploads\/2019\/02\/logo_16.png\" alt=\"...\" class=\"img-fluid\"><\/div>\n<div class=\"item\"><img decoding=\"async\" src=\"https:\/\/www.smdobrasil.com.br\/wp-content\/uploads\/2019\/02\/logo_17.png\" alt=\"...\" class=\"img-fluid\"><\/div>\n<\/p><\/div>\n<\/p><\/div>\n<\/section>\n","protected":false},"excerpt":{"rendered":"<p>Soluciones en la Tecnolog\u00eda Industrial Estamos prontos para superar sus metas \u00bfPor qu\u00e9 la SM do Brasil? Es con gran satisfacci\u00f3n que presentamos las capacidades de nuestra empresa. La SM es una empresa especializada en montaje electromec\u00e1nico y comisionamiento de equipamientos industriales para las \u00e1reas sider\u00fargica , miner\u00eda, automovil\u00edstica, aceite y gas. Equipo La SM [&hellip;]<\/p>\n","protected":false},"author":1,"featured_media":0,"parent":0,"menu_order":0,"comment_status":"closed","ping_status":"closed","template":"page-home.php","meta":{"footnotes":""},"yoast_head":"<!-- This site is optimized with the Yoast SEO plugin v21.9.1 - https:\/\/yoast.com\/wordpress\/plugins\/seo\/ -->\n<title>SM do Brasil - Solu\u00e7\u00f5es em Tecnologia Industrial<\/title>\n<meta name=\"description\" content=\"Empresa especializada em montagem eletromec\u00e2nica e comissionamento de equipamentos industriais para as \u00e1reas sider\u00fargica , minera\u00e7\u00e3o, automobil\u00edstica, \u00f3leo e g\u00e1s.\" \/>\n<meta name=\"robots\" content=\"index, follow, max-snippet:-1, max-image-preview:large, max-video-preview:-1\" \/>\n<link rel=\"canonical\" href=\"https:\/\/www.smdobrasil.com.br\/\" \/>\n<meta property=\"og:locale\" content=\"es_ES\" \/>\n<meta property=\"og:type\" content=\"article\" \/>\n<meta property=\"og:title\" content=\"SM do Brasil - Solu\u00e7\u00f5es em Tecnologia Industrial\" \/>\n<meta property=\"og:description\" content=\"Empresa especializada em montagem eletromec\u00e2nica e comissionamento de equipamentos industriais para as \u00e1reas sider\u00fargica , minera\u00e7\u00e3o, automobil\u00edstica, \u00f3leo e g\u00e1s.\" \/>\n<meta property=\"og:url\" content=\"https:\/\/www.smdobrasil.com.br\/\" \/>\n<meta property=\"og:site_name\" content=\"SM do Brasil\" \/>\n<meta property=\"article:modified_time\" content=\"2019-03-12T15:30:35+00:00\" \/>\n<meta property=\"og:image\" content=\"https:\/\/www.smdobrasil.com.br\/wp-content\/uploads\/2019\/02\/logo_01.png\" \/>\n<meta name=\"twitter:card\" content=\"summary_large_image\" \/>\n<meta name=\"twitter:label1\" content=\"Est. reading time\" \/>\n\t<meta name=\"twitter:data1\" content=\"1 minute\" \/>\n<script type=\"application\/ld+json\" class=\"yoast-schema-graph\">{\"@context\":\"https:\/\/schema.org\",\"@graph\":[{\"@type\":\"WebPage\",\"@id\":\"https:\/\/www.smdobrasil.com.br\/\",\"url\":\"https:\/\/www.smdobrasil.com.br\/\",\"name\":\"SM do Brasil - Solu\u00e7\u00f5es em Tecnologia Industrial\",\"isPartOf\":{\"@id\":\"https:\/\/www.smdobrasil.com.br\/#website\"},\"datePublished\":\"2019-02-20T19:05:22+00:00\",\"dateModified\":\"2019-03-12T15:30:35+00:00\",\"description\":\"Empresa especializada em montagem eletromec\u00e2nica e comissionamento de equipamentos industriais para as \u00e1reas sider\u00fargica , minera\u00e7\u00e3o, automobil\u00edstica, \u00f3leo e g\u00e1s.\",\"breadcrumb\":{\"@id\":\"https:\/\/www.smdobrasil.com.br\/#breadcrumb\"},\"inLanguage\":\"es\",\"potentialAction\":[{\"@type\":\"ReadAction\",\"target\":[\"https:\/\/www.smdobrasil.com.br\/\"]}]},{\"@type\":\"BreadcrumbList\",\"@id\":\"https:\/\/www.smdobrasil.com.br\/#breadcrumb\",\"itemListElement\":[{\"@type\":\"ListItem\",\"position\":1,\"name\":\"In\u00edcio\",\"item\":\"https:\/\/www.smdobrasil.com.br\/\"},{\"@type\":\"ListItem\",\"position\":2,\"name\":\"Inicio\"}]},{\"@type\":\"WebSite\",\"@id\":\"https:\/\/www.smdobrasil.com.br\/#website\",\"url\":\"https:\/\/www.smdobrasil.com.br\/\",\"name\":\"SM do Brasil\",\"description\":\"Solu\u00e7\u00f5es em Tecnologia Industrial\",\"potentialAction\":[{\"@type\":\"SearchAction\",\"target\":{\"@type\":\"EntryPoint\",\"urlTemplate\":\"https:\/\/www.smdobrasil.com.br\/?s={search_term_string}\"},\"query-input\":\"required name=search_term_string\"}],\"inLanguage\":\"es\"}]}<\/script>\n<!-- \/ Yoast SEO plugin. -->","yoast_head_json":{"title":"SM do Brasil - Solu\u00e7\u00f5es em Tecnologia Industrial","description":"Empresa especializada em montagem eletromec\u00e2nica e comissionamento de equipamentos industriais para as \u00e1reas sider\u00fargica , minera\u00e7\u00e3o, automobil\u00edstica, \u00f3leo e g\u00e1s.","robots":{"index":"index","follow":"follow","max-snippet":"max-snippet:-1","max-image-preview":"max-image-preview:large","max-video-preview":"max-video-preview:-1"},"canonical":"https:\/\/www.smdobrasil.com.br\/","og_locale":"es_ES","og_type":"article","og_title":"SM do Brasil - Solu\u00e7\u00f5es em Tecnologia Industrial","og_description":"Empresa especializada em montagem eletromec\u00e2nica e comissionamento de equipamentos industriais para as \u00e1reas sider\u00fargica , minera\u00e7\u00e3o, automobil\u00edstica, \u00f3leo e g\u00e1s.","og_url":"https:\/\/www.smdobrasil.com.br\/","og_site_name":"SM do Brasil","article_modified_time":"2019-03-12T15:30:35+00:00","og_image":[{"url":"https:\/\/www.smdobrasil.com.br\/wp-content\/uploads\/2019\/02\/logo_01.png"}],"twitter_card":"summary_large_image","twitter_misc":{"Est. reading time":"1 minute"},"schema":{"@context":"https:\/\/schema.org","@graph":[{"@type":"WebPage","@id":"https:\/\/www.smdobrasil.com.br\/","url":"https:\/\/www.smdobrasil.com.br\/","name":"SM do Brasil - Solu\u00e7\u00f5es em Tecnologia Industrial","isPartOf":{"@id":"https:\/\/www.smdobrasil.com.br\/#website"},"datePublished":"2019-02-20T19:05:22+00:00","dateModified":"2019-03-12T15:30:35+00:00","description":"Empresa especializada em montagem eletromec\u00e2nica e comissionamento de equipamentos industriais para as \u00e1reas sider\u00fargica , minera\u00e7\u00e3o, automobil\u00edstica, \u00f3leo e g\u00e1s.","breadcrumb":{"@id":"https:\/\/www.smdobrasil.com.br\/#breadcrumb"},"inLanguage":"es","potentialAction":[{"@type":"ReadAction","target":["https:\/\/www.smdobrasil.com.br\/"]}]},{"@type":"BreadcrumbList","@id":"https:\/\/www.smdobrasil.com.br\/#breadcrumb","itemListElement":[{"@type":"ListItem","position":1,"name":"In\u00edcio","item":"https:\/\/www.smdobrasil.com.br\/"},{"@type":"ListItem","position":2,"name":"Inicio"}]},{"@type":"WebSite","@id":"https:\/\/www.smdobrasil.com.br\/#website","url":"https:\/\/www.smdobrasil.com.br\/","name":"SM do Brasil","description":"Solu\u00e7\u00f5es em Tecnologia Industrial","potentialAction":[{"@type":"SearchAction","target":{"@type":"EntryPoint","urlTemplate":"https:\/\/www.smdobrasil.com.br\/?s={search_term_string}"},"query-input":"required name=search_term_string"}],"inLanguage":"es"}]}},"_links":{"self":[{"href":"https:\/\/www.smdobrasil.com.br\/es\/wp-json\/wp\/v2\/pages\/222"}],"collection":[{"href":"https:\/\/www.smdobrasil.com.br\/es\/wp-json\/wp\/v2\/pages"}],"about":[{"href":"https:\/\/www.smdobrasil.com.br\/es\/wp-json\/wp\/v2\/types\/page"}],"author":[{"embeddable":true,"href":"https:\/\/www.smdobrasil.com.br\/es\/wp-json\/wp\/v2\/users\/1"}],"replies":[{"embeddable":true,"href":"https:\/\/www.smdobrasil.com.br\/es\/wp-json\/wp\/v2\/comments?post=222"}],"version-history":[{"count":28,"href":"https:\/\/www.smdobrasil.com.br\/es\/wp-json\/wp\/v2\/pages\/222\/revisions"}],"predecessor-version":[{"id":369,"href":"https:\/\/www.smdobrasil.com.br\/es\/wp-json\/wp\/v2\/pages\/222\/revisions\/369"}],"wp:attachment":[{"href":"https:\/\/www.smdobrasil.com.br\/es\/wp-json\/wp\/v2\/media?parent=222"}],"curies":[{"name":"wp","href":"https:\/\/api.w.org\/{rel}","templated":true}]}}