  {"id":21,"date":"2019-02-13T14:53:40","date_gmt":"2019-02-13T16:53:40","guid":{"rendered":"http:\/\/smdobrasil.com.br\/wp\/en\/?page_id=21"},"modified":"2019-02-17T12:03:22","modified_gmt":"2019-02-17T15:03:22","slug":"area-de-atuacao","status":"publish","type":"page","link":"https:\/\/www.smdobrasil.com.br\/es\/area-de-atuacao\/","title":{"rendered":"\u00c1rea de Actuaci\u00f3n"},"content":{"rendered":"<p class=\"smtxt1\">La SM act\u00faa desde 1997 en el mercado nacional e internacional. Su cuerpo t\u00e9cnico tiene la experiencia adquirida del Sector de Supervisi\u00f3n de Montaje Externo y Asistencia T\u00e9cnica de la Mannesmann Demag Ltda, actual SMS Demag, para la cual presta servicios bajo el r\u00e9gimen de subcontrato, suministrando servicios de excelencia en el campo de coordinaci\u00f3n y supervisi\u00f3n de montajes electromec\u00e1nicos industriales.<br \/>\nAsumiendo la instalaci\u00f3n y puesta en marcha del proyecto, atiende as\u00ed el inter\u00e9s de nuestros clientes de recibir la planta completa y pronta para operar, en el plazo y con la calidad requerida.<\/p>\n<p>Desarrollamos un verdadero esp\u00edritu de alianza juntos a nuestros clientes, tomando en consideraci\u00f3n todos los aspectos espec\u00edficos del emprendimiento, con el objetivo de reducir al m\u00ednimo las interferencias entre las disciplinas de montaje, considerando el flujo productivo de la f\u00e1brica, observando siempre las normas de seguridad pertinentes, y todas las directrices v\u00e1lidas en el local de la instalaci\u00f3n.<br \/>\nEstamos prontos a actuar en las siguientes \u00e1reas:<\/p>\n<p>1. Coordinaci\u00f3n de contratos y proyectos<br \/>\n1.1. Coordinaci\u00f3n t\u00e9cnica y comercial de pedidos<br \/>\n2. Diligenciamiento e inspecci\u00f3n de fabricaci\u00f3n y montaje<br \/>\n2.1. Supervisi\u00f3n de fabricaci\u00f3n;<br \/>\n2.2. Inspecci\u00f3n y control de calidad;<br \/>\n2.3. Servicios de Instrumentaci\u00f3n;<br \/>\n3. Supervisi\u00f3n, montaje, manutenci\u00f3n y comisionamiento de m\u00e1quinas y equipamientos industriales;<br \/>\n3.1. Coordinaci\u00f3n general de montaje externo;<br \/>\n3.2. Supervisi\u00f3n de montaje mec\u00e1nico externo;<br \/>\n3.3. Supervisi\u00f3n de montaje el\u00e9ctrico externo;<br \/>\n3.4. Supervisi\u00f3n de montaje hidr\u00e1ulico externo;<br \/>\n3.5. Supervisi\u00f3n de comisionamiento de equipamientos;<br \/>\n3.6. Montajes mec\u00e1nicos y tuber\u00edas;<br \/>\n3.7. Montajes el\u00e9ctricos e instrumentaci\u00f3n;<br \/>\n3.8. Manutenci\u00f3n de m\u00e1quinas y equipamientos industriales;<br \/>\n3.9. Fabricaci\u00f3n de equipamientos electromec\u00e1nicos e hidr\u00e1ulicos bajo pedido;<br \/>\n4. Elaboraci\u00f3n y detallado de proyectos mec\u00e1nicos, el\u00e9ctricos e hidr\u00e1ulicos;<br \/>\n5. Consultor\u00eda y asistencia t\u00e9cnica para las \u00e1reas mec\u00e1nica, hidr\u00e1ulica, el\u00e9ctrica e Instrumentaci\u00f3n;<br \/>\n6. Proyectos de automaci\u00f3n para equipamientos industriales<\/p>\n<p class=\"smtxt1\">La SM tiene como filosof\u00eda de trabajo, prestar servicios con alta calidad, rapidez en la atenci\u00f3n, bajo costo y competencia para atender mejor nuestros clientes.<\/p>\n","protected":false},"excerpt":{"rendered":"<p>La SM act\u00faa desde 1997 en el mercado nacional e internacional. Su cuerpo t\u00e9cnico tiene la experiencia adquirida del Sector de Supervisi\u00f3n de Montaje Externo y Asistencia T\u00e9cnica de la Mannesmann Demag Ltda, actual SMS Demag, para la cual presta servicios bajo el r\u00e9gimen de subcontrato, suministrando servicios de excelencia en el campo de coordinaci\u00f3n [&hellip;]<\/p>\n","protected":false},"author":1,"featured_media":29,"parent":0,"menu_order":0,"comment_status":"closed","ping_status":"closed","template":"","meta":{"footnotes":""},"yoast_head":"<!-- This site is optimized with the Yoast SEO plugin v21.9.1 - https:\/\/yoast.com\/wordpress\/plugins\/seo\/ -->\n<title>\u00c1rea de Actuaci\u00f3n - SM do Brasil<\/title>\n<meta name=\"robots\" content=\"index, follow, max-snippet:-1, max-image-preview:large, max-video-preview:-1\" \/>\n<link rel=\"canonical\" href=\"https:\/\/www.smdobrasil.com.br\/area-de-atuacao\/\" \/>\n<meta property=\"og:locale\" content=\"es_ES\" \/>\n<meta property=\"og:type\" content=\"article\" \/>\n<meta property=\"og:title\" content=\"\u00c1rea de Actuaci\u00f3n\" \/>\n<meta property=\"og:description\" content=\"La SM act\u00faa desde 1997 en el mercado nacional e internacional. Su cuerpo t\u00e9cnico tiene la experiencia adquirida del Sector de Supervisi\u00f3n de Montaje Externo y Asistencia T\u00e9cnica de la Mannesmann Demag Ltda, actual SMS Demag, para la cual presta servicios bajo el r\u00e9gimen de subcontrato, suministrando servicios de excelencia en el campo de coordinaci\u00f3n [&hellip;]\" \/>\n<meta property=\"og:url\" content=\"https:\/\/www.smdobrasil.com.br\/area-de-atuacao\/\" \/>\n<meta property=\"og:site_name\" content=\"SM do Brasil\" \/>\n<meta property=\"article:modified_time\" content=\"2019-02-17T15:03:22+00:00\" \/>\n<meta property=\"og:image\" content=\"https:\/\/www.smdobrasil.com.br\/wp-content\/uploads\/2019\/02\/bg-atuacao.jpg\" \/>\n\t<meta property=\"og:image:width\" content=\"1280\" \/>\n\t<meta property=\"og:image:height\" content=\"470\" \/>\n\t<meta property=\"og:image:type\" content=\"image\/jpeg\" \/>\n<meta name=\"twitter:card\" content=\"summary_large_image\" \/>\n<meta name=\"twitter:label1\" content=\"Est. reading time\" \/>\n\t<meta name=\"twitter:data1\" content=\"5 minutes\" \/>\n<script type=\"application\/ld+json\" class=\"yoast-schema-graph\">{\"@context\":\"https:\/\/schema.org\",\"@graph\":[{\"@type\":\"WebPage\",\"@id\":\"https:\/\/www.smdobrasil.com.br\/area-de-atuacao\/\",\"url\":\"https:\/\/www.smdobrasil.com.br\/area-de-atuacao\/\",\"name\":\"[:pt]\u00c1rea de atua\u00e7\u00e3o[:en]Field of Work[:es]\u00c1rea de Actuaci\u00f3n[:] - SM do Brasil\",\"isPartOf\":{\"@id\":\"https:\/\/www.smdobrasil.com.br\/#website\"},\"datePublished\":\"2019-02-13T16:53:40+00:00\",\"dateModified\":\"2019-02-17T15:03:22+00:00\",\"breadcrumb\":{\"@id\":\"https:\/\/www.smdobrasil.com.br\/area-de-atuacao\/#breadcrumb\"},\"inLanguage\":\"es\",\"potentialAction\":[{\"@type\":\"ReadAction\",\"target\":[\"https:\/\/www.smdobrasil.com.br\/area-de-atuacao\/\"]}]},{\"@type\":\"BreadcrumbList\",\"@id\":\"https:\/\/www.smdobrasil.com.br\/area-de-atuacao\/#breadcrumb\",\"itemListElement\":[{\"@type\":\"ListItem\",\"position\":1,\"name\":\"In\u00edcio\",\"item\":\"https:\/\/www.smdobrasil.com.br\/\"},{\"@type\":\"ListItem\",\"position\":2,\"name\":\"\u00c1rea de atua\u00e7\u00e3o\"}]},{\"@type\":\"WebSite\",\"@id\":\"https:\/\/www.smdobrasil.com.br\/#website\",\"url\":\"https:\/\/www.smdobrasil.com.br\/\",\"name\":\"SM do Brasil\",\"description\":\"Solu\u00e7\u00f5es em Tecnologia Industrial\",\"potentialAction\":[{\"@type\":\"SearchAction\",\"target\":{\"@type\":\"EntryPoint\",\"urlTemplate\":\"https:\/\/www.smdobrasil.com.br\/?s={search_term_string}\"},\"query-input\":\"required name=search_term_string\"}],\"inLanguage\":\"es\"}]}<\/script>\n<!-- \/ Yoast SEO plugin. -->","yoast_head_json":{"title":"\u00c1rea de Actuaci\u00f3n - SM do Brasil","robots":{"index":"index","follow":"follow","max-snippet":"max-snippet:-1","max-image-preview":"max-image-preview:large","max-video-preview":"max-video-preview:-1"},"canonical":"https:\/\/www.smdobrasil.com.br\/area-de-atuacao\/","og_locale":"es_ES","og_type":"article","og_title":"[:pt]\u00c1rea de atua\u00e7\u00e3o[:en]Field of Work[:es]\u00c1rea de Actuaci\u00f3n[:] - SM do Brasil","og_description":"La SM act\u00faa desde 1997 en el mercado nacional e internacional. Su cuerpo t\u00e9cnico tiene la experiencia adquirida del Sector de Supervisi\u00f3n de Montaje Externo y Asistencia T\u00e9cnica de la Mannesmann Demag Ltda, actual SMS Demag, para la cual presta servicios bajo el r\u00e9gimen de subcontrato, suministrando servicios de excelencia en el campo de coordinaci\u00f3n [&hellip;]","og_url":"https:\/\/www.smdobrasil.com.br\/area-de-atuacao\/","og_site_name":"SM do Brasil","article_modified_time":"2019-02-17T15:03:22+00:00","og_image":[{"width":1280,"height":470,"url":"https:\/\/www.smdobrasil.com.br\/wp-content\/uploads\/2019\/02\/bg-atuacao.jpg","type":"image\/jpeg"}],"twitter_card":"summary_large_image","twitter_misc":{"Est. reading time":"5 minutes"},"schema":{"@context":"https:\/\/schema.org","@graph":[{"@type":"WebPage","@id":"https:\/\/www.smdobrasil.com.br\/area-de-atuacao\/","url":"https:\/\/www.smdobrasil.com.br\/area-de-atuacao\/","name":"[:pt]\u00c1rea de atua\u00e7\u00e3o[:en]Field of Work[:es]\u00c1rea de Actuaci\u00f3n[:] - SM do Brasil","isPartOf":{"@id":"https:\/\/www.smdobrasil.com.br\/#website"},"datePublished":"2019-02-13T16:53:40+00:00","dateModified":"2019-02-17T15:03:22+00:00","breadcrumb":{"@id":"https:\/\/www.smdobrasil.com.br\/area-de-atuacao\/#breadcrumb"},"inLanguage":"es","potentialAction":[{"@type":"ReadAction","target":["https:\/\/www.smdobrasil.com.br\/area-de-atuacao\/"]}]},{"@type":"BreadcrumbList","@id":"https:\/\/www.smdobrasil.com.br\/area-de-atuacao\/#breadcrumb","itemListElement":[{"@type":"ListItem","position":1,"name":"In\u00edcio","item":"https:\/\/www.smdobrasil.com.br\/"},{"@type":"ListItem","position":2,"name":"\u00c1rea de atua\u00e7\u00e3o"}]},{"@type":"WebSite","@id":"https:\/\/www.smdobrasil.com.br\/#website","url":"https:\/\/www.smdobrasil.com.br\/","name":"SM do Brasil","description":"Solu\u00e7\u00f5es em Tecnologia Industrial","potentialAction":[{"@type":"SearchAction","target":{"@type":"EntryPoint","urlTemplate":"https:\/\/www.smdobrasil.com.br\/?s={search_term_string}"},"query-input":"required name=search_term_string"}],"inLanguage":"es"}]}},"_links":{"self":[{"href":"https:\/\/www.smdobrasil.com.br\/es\/wp-json\/wp\/v2\/pages\/21"}],"collection":[{"href":"https:\/\/www.smdobrasil.com.br\/es\/wp-json\/wp\/v2\/pages"}],"about":[{"href":"https:\/\/www.smdobrasil.com.br\/es\/wp-json\/wp\/v2\/types\/page"}],"author":[{"embeddable":true,"href":"https:\/\/www.smdobrasil.com.br\/es\/wp-json\/wp\/v2\/users\/1"}],"replies":[{"embeddable":true,"href":"https:\/\/www.smdobrasil.com.br\/es\/wp-json\/wp\/v2\/comments?post=21"}],"version-history":[{"count":11,"href":"https:\/\/www.smdobrasil.com.br\/es\/wp-json\/wp\/v2\/pages\/21\/revisions"}],"predecessor-version":[{"id":54,"href":"https:\/\/www.smdobrasil.com.br\/es\/wp-json\/wp\/v2\/pages\/21\/revisions\/54"}],"wp:featuredmedia":[{"embeddable":true,"href":"https:\/\/www.smdobrasil.com.br\/es\/wp-json\/wp\/v2\/media\/29"}],"wp:attachment":[{"href":"https:\/\/www.smdobrasil.com.br\/es\/wp-json\/wp\/v2\/media?parent=21"}],"curies":[{"name":"wp","href":"https:\/\/api.w.org\/{rel}","templated":true}]}}